{"id":1097,"date":"2023-02-19T06:10:20","date_gmt":"2023-02-19T06:10:20","guid":{"rendered":"https:\/\/max-haase.com\/?page_id=1097"},"modified":"2023-02-19T06:10:45","modified_gmt":"2023-02-19T06:10:45","slug":"europa","status":"publish","type":"page","link":"https:\/\/max-haase.com\/en\/europe\/","title":{"rendered":"Continents: Europe"},"content":{"rendered":"<!--themify_builder_content-->\n<div id=\"themify_builder_content-1097\" data-postid=\"1097\" class=\"themify_builder_content themify_builder_content-1097 themify_builder tf_clear\">\n                    <div  data-lazy=\"1\" class=\"module_row themify_builder_row tb_6bpi125 tb_first tf_w\">\n                        <div class=\"row_inner col_align_top tb_col_count_1 tf_box tf_rel\">\n                        <div  data-lazy=\"1\" class=\"module_column tb-column col-full tb_orai125 first\">\n                    <!-- module text -->\n<div  class=\"module module-text tb_3q6r132   \" data-lazy=\"1\">\n        <div  class=\"tb_text_wrap\">\n        <h2 style=\"text-align: center;\"><span style=\"color: #518c9c;\">Meine Europa Beitr\u00e4ge:<\/span><\/h2>    <\/div>\n<\/div>\n<!-- \/module text --><!-- module post -->\n<div  class=\"module module-post tb_xsgz520 \">\n    <div  class=\"builder-posts-wrap loops-wrapper grid2 masonry classic tf_rel tf_clear tf_clearfix\" data-lazy=\"1\">\n    <article id=\"post-2706\" class=\"post tf_clearfix post-2706 type-post status-publish format-standard has-post-thumbnail hentry category-europa category-gadgets category-travel has-post-title has-post-date has-post-category has-post-tag has-post-comment has-post-author \">\n\t    \n\t                <figure class=\"post-image tf_clearfix\">\n                                                            <a href=\"https:\/\/max-haase.com\/en\/bodrum-travel-report-turkish-riviera-drone-tips\/\">\n                                        <img decoding=\"async\" src=\"https:\/\/max-haase.com\/wp-content\/uploads\/2026\/04\/bodrum-featured-bucht-drohne-1024x538-700x367.jpg\" width=\"700\" height=\"367\" class=\"wp-post-image wp-image-2693\" title=\"bodrum-featured-bucht-drohne\" alt=\"bodrum-featured-bucht-drohne\" srcset=\"https:\/\/max-haase.com\/wp-content\/uploads\/2026\/04\/bodrum-featured-bucht-drohne-1024x538-700x367.jpg 700w, https:\/\/max-haase.com\/wp-content\/uploads\/2026\/04\/bodrum-featured-bucht-drohne-300x158.jpg 300w, https:\/\/max-haase.com\/wp-content\/uploads\/2026\/04\/bodrum-featured-bucht-drohne-1024x538.jpg 1024w, https:\/\/max-haase.com\/wp-content\/uploads\/2026\/04\/bodrum-featured-bucht-drohne-768x403.jpg 768w, https:\/\/max-haase.com\/wp-content\/uploads\/2026\/04\/bodrum-featured-bucht-drohne-18x9.jpg 18w, https:\/\/max-haase.com\/wp-content\/uploads\/2026\/04\/bodrum-featured-bucht-drohne-1024x538-800x420.jpg 800w, https:\/\/max-haase.com\/wp-content\/uploads\/2026\/04\/bodrum-featured-bucht-drohne.jpg 1200w\" sizes=\"(max-width: 700px) 100vw, 700px\" \/>                                                                    <\/a>\n                                                                <\/figure>\n                    \t<div class=\"post-content\">\n\t\t<div class=\"post-content-inner\">\n\n\t\t\t\t\t\t\t\t<div class=\"post-date-wrap post-date-inline\">\n\t\t<time class=\"post-date entry-date updated\" datetime=\"2025-11-05\">\n\t\t\t\t\t<span class=\"year\">November 5, 2025<\/span>\n\t\t\t\t<\/time>\n\t<\/div><!-- .post-date-wrap -->\n\t\t\t\t\n\t\t\t<h2 class=\"post-title entry-title\"><a href=\"https:\/\/max-haase.com\/en\/bodrum-travel-report-turkish-riviera-drone-tips\/\">Bodrum Reisebericht \u2013 T\u00fcrkische Riviera, Buchten &#038; Drohnenaufnahmen<\/a><\/h2>\n\t\t\t\n\t\t\t\n\t\t\t        <div class=\"entry-content\">\n\n        \n            <p>Mein Bodrum Reisebericht \u2013 eine Woche an der t\u00fcrkischen Riviera, die mein Bild von der T\u00fcrkei als Reiseziel komplett ver\u00e4ndert hat. Im Oktober 2025 habe ich im Rahmen einer Kooperation mit Visit T\u00fcrkiye die Halbinsel Bodrum mit der Drohne erkundet und dabei ein Reiseziel entdeckt, das weit mehr zu bieten hat als die Pauschalreise-Klischees vermuten [&hellip;]<\/p>\n\n                \n            \n        <\/div><!-- \/.entry-content -->\n        \n\t\t<\/div>\n\t\t<!-- \/.post-content-inner -->\n\t<\/div>\n\t<!-- \/.post-content -->\n\t\n<\/article>\n<!-- \/.post -->\n<article id=\"post-2875\" class=\"post tf_clearfix post-2875 type-post status-publish format-standard has-post-thumbnail hentry category-europa category-travel has-post-title has-post-date has-post-category has-post-tag has-post-comment has-post-author \">\n\t    \n\t                <figure class=\"post-image tf_clearfix\">\n                                                            <a href=\"https:\/\/max-haase.com\/en\/italys-insider-tips-places-off-the-beaten-track\/\">\n                                        <img decoding=\"async\" src=\"https:\/\/max-haase.com\/wp-content\/uploads\/2026\/04\/fix3-2875-1024x538-700x367.jpg\" width=\"700\" height=\"367\" class=\"wp-post-image wp-image-3460\" title=\"fix3-2875\" alt=\"fix3-2875\" srcset=\"https:\/\/max-haase.com\/wp-content\/uploads\/2026\/04\/fix3-2875-1024x538-700x367.jpg 700w, https:\/\/max-haase.com\/wp-content\/uploads\/2026\/04\/fix3-2875-300x158.jpg 300w, https:\/\/max-haase.com\/wp-content\/uploads\/2026\/04\/fix3-2875-1024x538.jpg 1024w, https:\/\/max-haase.com\/wp-content\/uploads\/2026\/04\/fix3-2875-768x403.jpg 768w, https:\/\/max-haase.com\/wp-content\/uploads\/2026\/04\/fix3-2875-18x9.jpg 18w, https:\/\/max-haase.com\/wp-content\/uploads\/2026\/04\/fix3-2875-1024x538-800x420.jpg 800w, https:\/\/max-haase.com\/wp-content\/uploads\/2026\/04\/fix3-2875.jpg 1280w\" sizes=\"(max-width: 700px) 100vw, 700px\" \/>                                                                    <\/a>\n                                                                <\/figure>\n                    \t<div class=\"post-content\">\n\t\t<div class=\"post-content-inner\">\n\n\t\t\t\t\t\t\t\t<div class=\"post-date-wrap post-date-inline\">\n\t\t<time class=\"post-date entry-date updated\" datetime=\"2025-09-25\">\n\t\t\t\t\t<span class=\"year\">September 25, 2025<\/span>\n\t\t\t\t<\/time>\n\t<\/div><!-- .post-date-wrap -->\n\t\t\t\t\n\t\t\t<h2 class=\"post-title entry-title\"><a href=\"https:\/\/max-haase.com\/en\/italys-insider-tips-places-off-the-beaten-track\/\">Italien Geheimtipps \u2014 10 Orte abseits der Touristen<\/a><\/h2>\n\t\t\t\n\t\t\t\n\t\t\t        <div class=\"entry-content\">\n\n        \n            <p>Italien ist das meistbesuchte Land Europas. Rom, Florenz, Venedig \u2014 \u00fcberall Schlangen, \u00fcberall Selfie-Sticks, \u00fcberall \u00fcberteuerte Restaurants mit laminierten&#8230;<\/p>\n\n                \n            \n        <\/div><!-- \/.entry-content -->\n        \n\t\t<\/div>\n\t\t<!-- \/.post-content-inner -->\n\t<\/div>\n\t<!-- \/.post-content -->\n\t\n<\/article>\n<!-- \/.post -->\n<article id=\"post-2874\" class=\"post tf_clearfix post-2874 type-post status-publish format-standard has-post-thumbnail hentry category-europa category-lifestyle category-travel has-post-title has-post-date has-post-category has-post-tag has-post-comment has-post-author \">\n\t    \n\t                <figure class=\"post-image tf_clearfix\">\n                                                            <a href=\"https:\/\/max-haase.com\/en\/vw-r-experience-croatia-adriatic-coast\/\">\n                                        <img decoding=\"async\" src=\"https:\/\/max-haase.com\/wp-content\/uploads\/2026\/04\/kroatien-adriakueste-featured-1024x538-700x367.jpg\" width=\"700\" height=\"367\" class=\"wp-post-image wp-image-3232\" title=\"kroatien-adriakueste-featured\" alt=\"kroatien-adriakueste-featured\" srcset=\"https:\/\/max-haase.com\/wp-content\/uploads\/2026\/04\/kroatien-adriakueste-featured-1024x538-700x367.jpg 700w, https:\/\/max-haase.com\/wp-content\/uploads\/2026\/04\/kroatien-adriakueste-featured-300x158.jpg 300w, https:\/\/max-haase.com\/wp-content\/uploads\/2026\/04\/kroatien-adriakueste-featured-1024x538.jpg 1024w, https:\/\/max-haase.com\/wp-content\/uploads\/2026\/04\/kroatien-adriakueste-featured-768x403.jpg 768w, https:\/\/max-haase.com\/wp-content\/uploads\/2026\/04\/kroatien-adriakueste-featured-18x9.jpg 18w, https:\/\/max-haase.com\/wp-content\/uploads\/2026\/04\/kroatien-adriakueste-featured-1024x538-800x420.jpg 800w, https:\/\/max-haase.com\/wp-content\/uploads\/2026\/04\/kroatien-adriakueste-featured.jpg 1280w\" sizes=\"(max-width: 700px) 100vw, 700px\" \/>                                                                    <\/a>\n                                                                <\/figure>\n                    \t<div class=\"post-content\">\n\t\t<div class=\"post-content-inner\">\n\n\t\t\t\t\t\t\t\t<div class=\"post-date-wrap post-date-inline\">\n\t\t<time class=\"post-date entry-date updated\" datetime=\"2025-09-10\">\n\t\t\t\t\t<span class=\"year\">September 10, 2025<\/span>\n\t\t\t\t<\/time>\n\t<\/div><!-- .post-date-wrap -->\n\t\t\t\t\n\t\t\t<h2 class=\"post-title entry-title\"><a href=\"https:\/\/max-haase.com\/en\/vw-r-experience-croatia-adriatic-coast\/\">VW R Experience Kroatien \u2014 Performance trifft Adriak\u00fcste<\/a><\/h2>\n\t\t\t\n\t\t\t\n\t\t\t        <div class=\"entry-content\">\n\n        \n            <p>Im Oktober 2025 bekam ich eine Einladung, die jeder Auto- und Reise-Creator sofort annehmen w\u00fcrde: VW R Experience auf der Insel Krk in Kroatien.<\/p>\n\n                \n            \n        <\/div><!-- \/.entry-content -->\n        \n\t\t<\/div>\n\t\t<!-- \/.post-content-inner -->\n\t<\/div>\n\t<!-- \/.post-content -->\n\t\n<\/article>\n<!-- \/.post -->\n<article id=\"post-2873\" class=\"post tf_clearfix post-2873 type-post status-publish format-standard has-post-thumbnail hentry category-asien category-europa category-travel has-post-title has-post-date has-post-category has-post-tag has-post-comment has-post-author \">\n\t    \n\t                <figure class=\"post-image tf_clearfix\">\n                                                            <a href=\"https:\/\/max-haase.com\/en\/bodrum-turkey-aegaeis-heart-stolen\/\">\n                                        <img decoding=\"async\" src=\"https:\/\/max-haase.com\/wp-content\/uploads\/2026\/04\/fix5-2873-1024x538-700x367.jpg\" width=\"700\" height=\"367\" class=\"wp-post-image wp-image-3506\" title=\"fix5-2873\" alt=\"fix5-2873\" srcset=\"https:\/\/max-haase.com\/wp-content\/uploads\/2026\/04\/fix5-2873-1024x538-700x367.jpg 700w, https:\/\/max-haase.com\/wp-content\/uploads\/2026\/04\/fix5-2873-300x158.jpg 300w, https:\/\/max-haase.com\/wp-content\/uploads\/2026\/04\/fix5-2873-1024x538.jpg 1024w, https:\/\/max-haase.com\/wp-content\/uploads\/2026\/04\/fix5-2873-768x403.jpg 768w, https:\/\/max-haase.com\/wp-content\/uploads\/2026\/04\/fix5-2873-18x9.jpg 18w, https:\/\/max-haase.com\/wp-content\/uploads\/2026\/04\/fix5-2873-1024x538-800x420.jpg 800w, https:\/\/max-haase.com\/wp-content\/uploads\/2026\/04\/fix5-2873.jpg 1280w\" sizes=\"(max-width: 700px) 100vw, 700px\" \/>                                                                    <\/a>\n                                                                <\/figure>\n                    \t<div class=\"post-content\">\n\t\t<div class=\"post-content-inner\">\n\n\t\t\t\t\t\t\t\t<div class=\"post-date-wrap post-date-inline\">\n\t\t<time class=\"post-date entry-date updated\" datetime=\"2025-08-25\">\n\t\t\t\t\t<span class=\"year\">August 25, 2025<\/span>\n\t\t\t\t<\/time>\n\t<\/div><!-- .post-date-wrap -->\n\t\t\t\t\n\t\t\t<h2 class=\"post-title entry-title\"><a href=\"https:\/\/max-haase.com\/en\/bodrum-turkey-aegaeis-heart-stolen\/\">Bodrum T\u00fcrkei \u2014 Warum die \u00c4g\u00e4is mein Herz gestohlen hat<\/a><\/h2>\n\t\t\t\n\t\t\t\n\t\t\t        <div class=\"entry-content\">\n\n        \n            <p>Es gibt Orte, die besuchst du einmal und hast danach ein sch\u00f6nes Foto im Handy. Und es gibt Orte, die packen dich so sehr, dass du immer wieder zur\u00fcckkommst.<\/p>\n\n                \n            \n        <\/div><!-- \/.entry-content -->\n        \n\t\t<\/div>\n\t\t<!-- \/.post-content-inner -->\n\t<\/div>\n\t<!-- \/.post-content -->\n\t\n<\/article>\n<!-- \/.post -->\n<article id=\"post-2663\" class=\"post tf_clearfix post-2663 type-post status-publish format-standard has-post-thumbnail hentry category-abenteuer category-europa category-travel has-post-title has-post-date has-post-category has-post-tag has-post-comment has-post-author \">\n\t    \n\t                <figure class=\"post-image tf_clearfix\">\n                                                            <a href=\"https:\/\/max-haase.com\/en\/fuerteventura-travel-report-kitesurfing-beaches-and-tips\/\">\n                                        <img decoding=\"async\" src=\"https:\/\/max-haase.com\/wp-content\/uploads\/2026\/04\/fuerteventura-kitesurfen-drohne-featured-1024x538-700x367.jpg\" width=\"700\" height=\"367\" class=\"wp-post-image wp-image-2620\" title=\"fuerteventura-kitesurfen-drohne-featured\" alt=\"Kitesurfer auf t\u00fcrkisblauem Wasser vor Fuerteventuras K\u00fcste - Drohnenaufnahme\" srcset=\"https:\/\/max-haase.com\/wp-content\/uploads\/2026\/04\/fuerteventura-kitesurfen-drohne-featured-1024x538-700x367.jpg 700w, https:\/\/max-haase.com\/wp-content\/uploads\/2026\/04\/fuerteventura-kitesurfen-drohne-featured-300x158.jpg 300w, https:\/\/max-haase.com\/wp-content\/uploads\/2026\/04\/fuerteventura-kitesurfen-drohne-featured-1024x538.jpg 1024w, https:\/\/max-haase.com\/wp-content\/uploads\/2026\/04\/fuerteventura-kitesurfen-drohne-featured-768x403.jpg 768w, https:\/\/max-haase.com\/wp-content\/uploads\/2026\/04\/fuerteventura-kitesurfen-drohne-featured-18x9.jpg 18w, https:\/\/max-haase.com\/wp-content\/uploads\/2026\/04\/fuerteventura-kitesurfen-drohne-featured-1024x538-800x420.jpg 800w, https:\/\/max-haase.com\/wp-content\/uploads\/2026\/04\/fuerteventura-kitesurfen-drohne-featured.jpg 1200w\" sizes=\"(max-width: 700px) 100vw, 700px\" \/>                                                                    <\/a>\n                                                                <\/figure>\n                    \t<div class=\"post-content\">\n\t\t<div class=\"post-content-inner\">\n\n\t\t\t\t\t\t\t\t<div class=\"post-date-wrap post-date-inline\">\n\t\t<time class=\"post-date entry-date updated\" datetime=\"2025-06-28\">\n\t\t\t\t\t<span class=\"year\">June 28, 2025<\/span>\n\t\t\t\t<\/time>\n\t<\/div><!-- .post-date-wrap -->\n\t\t\t\t\n\t\t\t<h2 class=\"post-title entry-title\"><a href=\"https:\/\/max-haase.com\/en\/fuerteventura-travel-report-kitesurfing-beaches-and-tips\/\">Fuerteventura Reisebericht \u2014 Kitesurfen, Str\u00e4nde &#038; Vulkanlandschaften<\/a><\/h2>\n\t\t\t\n\t\t\t\n\t\t\t        <div class=\"entry-content\">\n\n        \n            <p>Fuerteventura Reisebericht 2025: Die besten Kitesurf-Spots, traumhafte Str\u00e4nde, Vulkanlandschaften und praktische Tipps f\u00fcr deinen Trip auf die windigste Kanareninsel.<\/p>\n\n                \n            \n        <\/div><!-- \/.entry-content -->\n        \n\t\t<\/div>\n\t\t<!-- \/.post-content-inner -->\n\t<\/div>\n\t<!-- \/.post-content -->\n\t\n<\/article>\n<!-- \/.post -->\n<article id=\"post-2615\" class=\"post tf_clearfix post-2615 type-post status-publish format-standard has-post-thumbnail hentry category-europa category-travel has-post-title has-post-date has-post-category has-post-tag has-post-comment has-post-author \">\n\t    \n\t                <figure class=\"post-image tf_clearfix\">\n                                                            <a href=\"https:\/\/max-haase.com\/en\/albania-travel-report-insider-tip-route-costs-tips\/\">\n                                        <img decoding=\"async\" src=\"https:\/\/max-haase.com\/wp-content\/uploads\/2026\/04\/albanien-bergsee-drohne-featured-1024x538-700x367.jpg\" width=\"700\" height=\"367\" class=\"wp-post-image wp-image-3190\" title=\"albanien-bergsee-drohne-featured\" alt=\"albanien-bergsee-drohne-featured\" srcset=\"https:\/\/max-haase.com\/wp-content\/uploads\/2026\/04\/albanien-bergsee-drohne-featured-1024x538-700x367.jpg 700w, https:\/\/max-haase.com\/wp-content\/uploads\/2026\/04\/albanien-bergsee-drohne-featured-300x158.jpg 300w, https:\/\/max-haase.com\/wp-content\/uploads\/2026\/04\/albanien-bergsee-drohne-featured-1024x538.jpg 1024w, https:\/\/max-haase.com\/wp-content\/uploads\/2026\/04\/albanien-bergsee-drohne-featured-768x403.jpg 768w, https:\/\/max-haase.com\/wp-content\/uploads\/2026\/04\/albanien-bergsee-drohne-featured-18x9.jpg 18w, https:\/\/max-haase.com\/wp-content\/uploads\/2026\/04\/albanien-bergsee-drohne-featured-1024x538-800x420.jpg 800w, https:\/\/max-haase.com\/wp-content\/uploads\/2026\/04\/albanien-bergsee-drohne-featured.jpg 1280w\" sizes=\"(max-width: 700px) 100vw, 700px\" \/>                                                                    <\/a>\n                                                                <\/figure>\n                    \t<div class=\"post-content\">\n\t\t<div class=\"post-content-inner\">\n\n\t\t\t\t\t\t\t\t<div class=\"post-date-wrap post-date-inline\">\n\t\t<time class=\"post-date entry-date updated\" datetime=\"2025-05-10\">\n\t\t\t\t\t<span class=\"year\">May 10, 2025<\/span>\n\t\t\t\t<\/time>\n\t<\/div><!-- .post-date-wrap -->\n\t\t\t\t\n\t\t\t<h2 class=\"post-title entry-title\"><a href=\"https:\/\/max-haase.com\/en\/albania-travel-report-insider-tip-route-costs-tips\/\">Albanien Reisebericht 2025 \u2014 Geheimtipp Europa: Route, Kosten &#038; Tipps<\/a><\/h2>\n\t\t\t\n\t\t\t\n\t\t\t        <div class=\"entry-content\">\n\n        \n            <p>Albanien ist das vielleicht am meisten untersch\u00e4tzte Reiseziel Europas. W\u00e4hrend sich die Massen an der kroatischen K\u00fcste, auf Mallorca oder in Griechenland tummeln, liegt direkt nebenan ein Land, das mich komplett umgehauen hat: unber\u00fchrte Natur, t\u00fcrkisfarbene Seen, die locker mit der Karibik mithalten, eine Gastfreundschaft, die ihresgleichen sucht, und Preise, bei denen du denkst, die [&hellip;]<\/p>\n\n                \n            \n        <\/div><!-- \/.entry-content -->\n        \n\t\t<\/div>\n\t\t<!-- \/.post-content-inner -->\n\t<\/div>\n\t<!-- \/.post-content -->\n\t\n<\/article>\n<!-- \/.post -->\n    <\/div><!-- .builder-posts-wrap -->\n                                <link rel=\"prefetch\" as=\"document\" href=\"https:\/\/max-haase.com\/en\/wp-json\/wp\/v2\/pages\/1097\/page\/2\/\"\/><div class=\"pagenav tf_clear tf_box tf_textr tf_clearfix \"> <span class=\"number current\">1<\/span> <a href=\"https:\/\/max-haase.com\/en\/wp-json\/wp\/v2\/pages\/1097\/page\/2\/\" class=\"number\">2<\/a> <a href=\"https:\/\/max-haase.com\/en\/wp-json\/wp\/v2\/pages\/1097\/page\/3\/\" class=\"number\">3<\/a> <a href=\"https:\/\/max-haase.com\/en\/wp-json\/wp\/v2\/pages\/1097\/page\/4\/\" class=\"number\">4<\/a><a href=\"https:\/\/max-haase.com\/en\/wp-json\/wp\/v2\/pages\/1097\/page\/2\/\"  class=\"number nextp\">&rsaquo;<\/a><a href=\"https:\/\/max-haase.com\/en\/wp-json\/wp\/v2\/pages\/1097\/page\/8\/\" title=\"&raquo;\" class=\"number lastp\">&raquo;<\/a><\/div>                <\/div>\n<!-- \/module post -->\n            <\/div>\n                        <\/div>\n        <\/div>\n        <\/div>\n<!--\/themify_builder_content-->","protected":false},"excerpt":{"rendered":"<p>My Europe Articles:<\/p>","protected":false},"author":1,"featured_media":0,"parent":0,"menu_order":0,"comment_status":"closed","ping_status":"closed","template":"","meta":{"_analytify_skip_tracking":false,"footnotes":""},"class_list":["post-1097","page","type-page","status-publish","hentry","has-post-title","has-post-date","has-post-category","has-post-tag","has-post-comment","has-post-author",""],"builder_content":"<h2 style=\"text-align: center;\">Meine Europa Beitr\u00e4ge:<\/h2>","_links":{"self":[{"href":"https:\/\/max-haase.com\/en\/wp-json\/wp\/v2\/pages\/1097","targetHints":{"allow":["GET"]}}],"collection":[{"href":"https:\/\/max-haase.com\/en\/wp-json\/wp\/v2\/pages"}],"about":[{"href":"https:\/\/max-haase.com\/en\/wp-json\/wp\/v2\/types\/page"}],"author":[{"embeddable":true,"href":"https:\/\/max-haase.com\/en\/wp-json\/wp\/v2\/users\/1"}],"replies":[{"embeddable":true,"href":"https:\/\/max-haase.com\/en\/wp-json\/wp\/v2\/comments?post=1097"}],"version-history":[{"count":4,"href":"https:\/\/max-haase.com\/en\/wp-json\/wp\/v2\/pages\/1097\/revisions"}],"predecessor-version":[{"id":1101,"href":"https:\/\/max-haase.com\/en\/wp-json\/wp\/v2\/pages\/1097\/revisions\/1101"}],"wp:attachment":[{"href":"https:\/\/max-haase.com\/en\/wp-json\/wp\/v2\/media?parent=1097"}],"curies":[{"name":"wp","href":"https:\/\/api.w.org\/{rel}","templated":true}]}}