{"id":1109,"date":"2023-02-19T06:12:30","date_gmt":"2023-02-19T06:12:30","guid":{"rendered":"https:\/\/max-haase.com\/?page_id=1109"},"modified":"2023-02-26T05:28:15","modified_gmt":"2023-02-26T05:28:15","slug":"nordamerika","status":"publish","type":"page","link":"https:\/\/max-haase.com\/en\/north-america\/","title":{"rendered":"Continents: North America"},"content":{"rendered":"<!--themify_builder_content-->\n<div id=\"themify_builder_content-1109\" data-postid=\"1109\" class=\"themify_builder_content themify_builder_content-1109 themify_builder tf_clear\">\n                    <div  data-lazy=\"1\" class=\"module_row themify_builder_row tb_6bpi125 tb_first tf_w\">\n                        <div class=\"row_inner col_align_top tb_col_count_1 tf_box tf_rel\">\n                        <div  data-lazy=\"1\" class=\"module_column tb-column col-full tb_orai125 first\">\n                    <!-- module text -->\n<div  class=\"module module-text tb_3q6r132   \" data-lazy=\"1\">\n        <div  class=\"tb_text_wrap\">\n        <h2 style=\"text-align: center;\"><span style=\"color: #518c9c;\">Meine Nordamerika Beitr\u00e4ge:<\/span><\/h2>    <\/div>\n<\/div>\n<!-- \/module text --><!-- module post -->\n<div  class=\"module module-post tb_xsgz520 \">\n    <div  class=\"builder-posts-wrap loops-wrapper grid2 masonry classic tf_rel tf_clear tf_clearfix\" data-lazy=\"1\">\n    <article id=\"post-2734\" class=\"post tf_clearfix post-2734 type-post status-publish format-standard has-post-thumbnail hentry category-gadgets category-karibik category-nordamerika category-travel has-post-title has-post-date has-post-category has-post-tag has-post-comment has-post-author \">\n\t    \n\t                <figure class=\"post-image tf_clearfix\">\n                                                            <a href=\"https:\/\/max-haase.com\/en\/caribbean-cruise-travelogue-st-lucia-barbados-drone\/\">\n                                        <img decoding=\"async\" src=\"https:\/\/max-haase.com\/wp-content\/uploads\/2026\/04\/karibik-kreuzfahrt-featured-1024x538-700x367.jpg\" width=\"700\" height=\"367\" class=\"wp-post-image wp-image-2721\" title=\"karibik-kreuzfahrt-featured\" alt=\"karibik-kreuzfahrt-featured\" srcset=\"https:\/\/max-haase.com\/wp-content\/uploads\/2026\/04\/karibik-kreuzfahrt-featured-1024x538-700x367.jpg 700w, https:\/\/max-haase.com\/wp-content\/uploads\/2026\/04\/karibik-kreuzfahrt-featured-300x158.jpg 300w, https:\/\/max-haase.com\/wp-content\/uploads\/2026\/04\/karibik-kreuzfahrt-featured-1024x538.jpg 1024w, https:\/\/max-haase.com\/wp-content\/uploads\/2026\/04\/karibik-kreuzfahrt-featured-768x403.jpg 768w, https:\/\/max-haase.com\/wp-content\/uploads\/2026\/04\/karibik-kreuzfahrt-featured-18x9.jpg 18w, https:\/\/max-haase.com\/wp-content\/uploads\/2026\/04\/karibik-kreuzfahrt-featured-1024x538-800x420.jpg 800w, https:\/\/max-haase.com\/wp-content\/uploads\/2026\/04\/karibik-kreuzfahrt-featured.jpg 1200w\" sizes=\"(max-width: 700px) 100vw, 700px\" \/>                                                                    <\/a>\n                                                                <\/figure>\n                    \t<div class=\"post-content\">\n\t\t<div class=\"post-content-inner\">\n\n\t\t\t\t\t\t\t\t<div class=\"post-date-wrap post-date-inline\">\n\t\t<time class=\"post-date entry-date updated\" datetime=\"2026-03-05\">\n\t\t\t\t\t<span class=\"year\">March 5, 2026<\/span>\n\t\t\t\t<\/time>\n\t<\/div><!-- .post-date-wrap -->\n\t\t\t\t\n\t\t\t<h2 class=\"post-title entry-title\"><a href=\"https:\/\/max-haase.com\/en\/caribbean-cruise-travelogue-st-lucia-barbados-drone\/\">Karibik Kreuzfahrt Reisebericht \u2013 St. Lucia, Barbados &#038; Drohnenaufnahmen von Bord<\/a><\/h2>\n\t\t\t\n\t\t\t\n\t\t\t        <div class=\"entry-content\">\n\n        \n            <p>Karibik Kreuzfahrt \u2014 Warum die \u00f6stlichen Karibikinseln mich sprachlos gemacht haben Es gibt Reisen, die vergisst du nach zwei Wochen. Und dann gibt es Reisen, die brennen sich so tief in dein Ged\u00e4chtnis, dass du Jahre sp\u00e4ter noch davon erz\u00e4hlst. Meine Kreuzfahrt durch die \u00f6stliche Karibik war definitiv Letzteres. St. Lucia, Barbados, Martinique \u2014 jede [&hellip;]<\/p>\n\n                \n            \n        <\/div><!-- \/.entry-content -->\n        \n\t\t<\/div>\n\t\t<!-- \/.post-content-inner -->\n\t<\/div>\n\t<!-- \/.post-content -->\n\t\n<\/article>\n<!-- \/.post -->\n<article id=\"post-1146\" class=\"post tf_clearfix post-1146 type-post status-publish format-standard has-post-thumbnail hentry category-backpacking category-karibik category-nordamerika category-travel tag-brasil tag-travel has-post-title has-post-date has-post-category has-post-tag has-post-comment has-post-author \">\n\t    \n\t                <figure class=\"post-image tf_clearfix\">\n                                                            <a href=\"https:\/\/max-haase.com\/en\/cuba-travel-report-havana-classic-cars-caribbean\/\">\n                                        <img decoding=\"async\" src=\"https:\/\/max-haase.com\/wp-content\/uploads\/2026\/04\/fix3-1146-1024x538-700x367.jpg\" width=\"700\" height=\"367\" class=\"wp-post-image wp-image-3430\" title=\"fix3-1146\" alt=\"fix3-1146\" srcset=\"https:\/\/max-haase.com\/wp-content\/uploads\/2026\/04\/fix3-1146-1024x538-700x367.jpg 700w, https:\/\/max-haase.com\/wp-content\/uploads\/2026\/04\/fix3-1146-300x158.jpg 300w, https:\/\/max-haase.com\/wp-content\/uploads\/2026\/04\/fix3-1146-1024x538.jpg 1024w, https:\/\/max-haase.com\/wp-content\/uploads\/2026\/04\/fix3-1146-768x403.jpg 768w, https:\/\/max-haase.com\/wp-content\/uploads\/2026\/04\/fix3-1146-18x9.jpg 18w, https:\/\/max-haase.com\/wp-content\/uploads\/2026\/04\/fix3-1146-1024x538-800x420.jpg 800w, https:\/\/max-haase.com\/wp-content\/uploads\/2026\/04\/fix3-1146.jpg 1280w\" sizes=\"(max-width: 700px) 100vw, 700px\" \/>                                                                    <\/a>\n                                                                <\/figure>\n                    \t<div class=\"post-content\">\n\t\t<div class=\"post-content-inner\">\n\n\t\t\t\t\t\t\t\t<div class=\"post-date-wrap post-date-inline\">\n\t\t<time class=\"post-date entry-date updated\" datetime=\"2019-03-15\">\n\t\t\t\t\t<span class=\"year\">March 15, 2019<\/span>\n\t\t\t\t<\/time>\n\t<\/div><!-- .post-date-wrap -->\n\t\t\t\t\n\t\t\t<h2 class=\"post-title entry-title\"><a href=\"https:\/\/max-haase.com\/en\/cuba-travel-report-havana-classic-cars-caribbean\/\">Kuba Reisebericht \u2013 Havanna, Oldtimer &#038; karibisches Flair entdecken<\/a><\/h2>\n\t\t\t\n\t\t\t\n\t\t\t        <div class=\"entry-content\">\n\n        \n            <p>Kuba Reisebericht: Havanna im Oldtimer, die sch\u00f6nsten Str\u00e4nde Varaderos und das authentische Kuba erleben. Alle Tipps, Route und Highlights.<\/p>\n\n                \n            \n        <\/div><!-- \/.entry-content -->\n        \n\t\t<\/div>\n\t\t<!-- \/.post-content-inner -->\n\t<\/div>\n\t<!-- \/.post-content -->\n\t\n<\/article>\n<!-- \/.post -->\n    <\/div><!-- .builder-posts-wrap -->\n                                                <\/div>\n<!-- \/module post -->\n            <\/div>\n                        <\/div>\n        <\/div>\n        <\/div>\n<!--\/themify_builder_content-->","protected":false},"excerpt":{"rendered":"<p>My North America Articles:<\/p>","protected":false},"author":1,"featured_media":0,"parent":0,"menu_order":0,"comment_status":"closed","ping_status":"closed","template":"","meta":{"_analytify_skip_tracking":false,"footnotes":""},"class_list":["post-1109","page","type-page","status-publish","hentry","has-post-title","has-post-date","has-post-category","has-post-tag","has-post-comment","has-post-author",""],"builder_content":"<h2 style=\"text-align: center;\">Meine Nordamerika Beitr\u00e4ge:<\/h2>","_links":{"self":[{"href":"https:\/\/max-haase.com\/en\/wp-json\/wp\/v2\/pages\/1109","targetHints":{"allow":["GET"]}}],"collection":[{"href":"https:\/\/max-haase.com\/en\/wp-json\/wp\/v2\/pages"}],"about":[{"href":"https:\/\/max-haase.com\/en\/wp-json\/wp\/v2\/types\/page"}],"author":[{"embeddable":true,"href":"https:\/\/max-haase.com\/en\/wp-json\/wp\/v2\/users\/1"}],"replies":[{"embeddable":true,"href":"https:\/\/max-haase.com\/en\/wp-json\/wp\/v2\/comments?post=1109"}],"version-history":[{"count":7,"href":"https:\/\/max-haase.com\/en\/wp-json\/wp\/v2\/pages\/1109\/revisions"}],"predecessor-version":[{"id":1283,"href":"https:\/\/max-haase.com\/en\/wp-json\/wp\/v2\/pages\/1109\/revisions\/1283"}],"wp:attachment":[{"href":"https:\/\/max-haase.com\/en\/wp-json\/wp\/v2\/media?parent=1109"}],"curies":[{"name":"wp","href":"https:\/\/api.w.org\/{rel}","templated":true}]}}