{"id":1115,"date":"2023-02-19T06:13:16","date_gmt":"2023-02-19T06:13:16","guid":{"rendered":"https:\/\/max-haase.com\/?page_id=1115"},"modified":"2023-02-19T06:13:17","modified_gmt":"2023-02-19T06:13:17","slug":"asien","status":"publish","type":"page","link":"https:\/\/max-haase.com\/en\/asia\/","title":{"rendered":"Continents: Asia"},"content":{"rendered":"<!--themify_builder_content-->\n<div id=\"themify_builder_content-1115\" data-postid=\"1115\" class=\"themify_builder_content themify_builder_content-1115 themify_builder tf_clear\">\n                    <div  data-lazy=\"1\" class=\"module_row themify_builder_row tb_6bpi125 tb_first tf_w\">\n                        <div class=\"row_inner col_align_top tb_col_count_1 tf_box tf_rel\">\n                        <div  data-lazy=\"1\" class=\"module_column tb-column col-full tb_orai125 first\">\n                    <!-- module text -->\n<div  class=\"module module-text tb_3q6r132   \" data-lazy=\"1\">\n        <div  class=\"tb_text_wrap\">\n        <h2 style=\"text-align: center;\"><span style=\"color: #518c9c;\">Meine Asien Beitr\u00e4ge:<\/span><\/h2>    <\/div>\n<\/div>\n<!-- \/module text --><!-- module post -->\n<div  class=\"module module-post tb_xsgz520 \">\n    <div  class=\"builder-posts-wrap loops-wrapper grid2 masonry classic tf_rel tf_clear tf_clearfix\" data-lazy=\"1\">\n    <article id=\"post-5509\" class=\"post tf_clearfix post-5509 type-post status-publish format-standard has-post-thumbnail hentry category-abenteuer category-gadgets category-travel has-post-title has-post-date has-post-category has-post-tag has-post-comment has-post-author \">\n\t    \n\t                <figure class=\"post-image tf_clearfix\">\n                                                            <a href=\"https:\/\/max-haase.com\/en\/best-travel-drone-2026-comparison-travel-creator\/\">\n                                        <img decoding=\"async\" src=\"https:\/\/max-haase.com\/wp-content\/uploads\/2026\/04\/luxury-adventure-fuerteventura-kitesurf-full-700x368.jpg\" width=\"700\" height=\"368\" class=\"wp-post-image wp-image-5500\" title=\"luxury-adventure-fuerteventura-kitesurf-full\" alt=\"luxury-adventure-fuerteventura-kitesurf-full\" srcset=\"https:\/\/max-haase.com\/wp-content\/uploads\/2026\/04\/luxury-adventure-fuerteventura-kitesurf-full-700x368.jpg 700w, https:\/\/max-haase.com\/wp-content\/uploads\/2026\/04\/luxury-adventure-fuerteventura-kitesurf-full-300x158.jpg 300w, https:\/\/max-haase.com\/wp-content\/uploads\/2026\/04\/luxury-adventure-fuerteventura-kitesurf-full-768x404.jpg 768w, https:\/\/max-haase.com\/wp-content\/uploads\/2026\/04\/luxury-adventure-fuerteventura-kitesurf-full-18x9.jpg 18w, https:\/\/max-haase.com\/wp-content\/uploads\/2026\/04\/luxury-adventure-fuerteventura-kitesurf-full-800x421.jpg 800w, https:\/\/max-haase.com\/wp-content\/uploads\/2026\/04\/luxury-adventure-fuerteventura-kitesurf-full.jpg 1200w\" sizes=\"(max-width: 700px) 100vw, 700px\" \/>                                                                    <\/a>\n                                                                <\/figure>\n                    \t<div class=\"post-content\">\n\t\t<div class=\"post-content-inner\">\n\n\t\t\t\t\t\t\t\t<div class=\"post-date-wrap post-date-inline\">\n\t\t<time class=\"post-date entry-date updated\" datetime=\"2026-04-05\">\n\t\t\t\t\t<span class=\"year\">April 5, 2026<\/span>\n\t\t\t\t<\/time>\n\t<\/div><!-- .post-date-wrap -->\n\t\t\t\t\n\t\t\t<h2 class=\"post-title entry-title\"><a href=\"https:\/\/max-haase.com\/en\/best-travel-drone-2026-comparison-travel-creator\/\">Die beste Reisedrohne 2026 \u2014 Vergleich f\u00fcr Travel Creator &#038; Reisefotografen<\/a><\/h2>\n\t\t\t\n\t\t\t\n\t\t\t        <div class=\"entry-content\">\n\n        \n            <p>Die beste Reisedrohne 2026: DJI Mini 5 Pro vs. Mini 4 Pro vs. Air 3 vs. Mavic 3. Ehrlicher Vergleich nach 3.000+ Fl\u00fcgen in 82 L\u00e4ndern \u2014 mit Drohnengesetzen, Setup-Tipps und Kaufempfehlung f\u00fcr Travel Creator und Reisefotografen.<\/p>\n\n                \n            \n        <\/div><!-- \/.entry-content -->\n        \n\t\t<\/div>\n\t\t<!-- \/.post-content-inner -->\n\t<\/div>\n\t<!-- \/.post-content -->\n\t\n<\/article>\n<!-- \/.post -->\n<article id=\"post-5507\" class=\"post tf_clearfix post-5507 type-post status-publish format-standard has-post-thumbnail hentry category-kooperationen category-travel has-post-title has-post-date has-post-category has-post-tag has-post-comment has-post-author \">\n\t    \n\t                <figure class=\"post-image tf_clearfix\">\n                                                            <a href=\"https:\/\/max-haase.com\/en\/tourism-boards-travel-influencer-guide-destinations-marketing\/\">\n                                        <img decoding=\"async\" src=\"https:\/\/max-haase.com\/wp-content\/uploads\/2026\/04\/luxury-adventure-saudi-overwater-villa-full-700x393.jpg\" width=\"700\" height=\"393\" class=\"wp-post-image wp-image-5494\" title=\"luxury-adventure-saudi-overwater-villa-full\" alt=\"luxury-adventure-saudi-overwater-villa-full\" srcset=\"https:\/\/max-haase.com\/wp-content\/uploads\/2026\/04\/luxury-adventure-saudi-overwater-villa-full-700x393.jpg 700w, https:\/\/max-haase.com\/wp-content\/uploads\/2026\/04\/luxury-adventure-saudi-overwater-villa-full-300x169.jpg 300w, https:\/\/max-haase.com\/wp-content\/uploads\/2026\/04\/luxury-adventure-saudi-overwater-villa-full-768x431.jpg 768w, https:\/\/max-haase.com\/wp-content\/uploads\/2026\/04\/luxury-adventure-saudi-overwater-villa-full-18x10.jpg 18w, https:\/\/max-haase.com\/wp-content\/uploads\/2026\/04\/luxury-adventure-saudi-overwater-villa-full-800x449.jpg 800w, https:\/\/max-haase.com\/wp-content\/uploads\/2026\/04\/luxury-adventure-saudi-overwater-villa-full.jpg 1200w\" sizes=\"(max-width: 700px) 100vw, 700px\" \/>                                                                    <\/a>\n                                                                <\/figure>\n                    \t<div class=\"post-content\">\n\t\t<div class=\"post-content-inner\">\n\n\t\t\t\t\t\t\t\t<div class=\"post-date-wrap post-date-inline\">\n\t\t<time class=\"post-date entry-date updated\" datetime=\"2026-04-05\">\n\t\t\t\t\t<span class=\"year\">April 5, 2026<\/span>\n\t\t\t\t<\/time>\n\t<\/div><!-- .post-date-wrap -->\n\t\t\t\t\n\t\t\t<h2 class=\"post-title entry-title\"><a href=\"https:\/\/max-haase.com\/en\/tourism-boards-travel-influencer-guide-destinations-marketing\/\">So arbeiten Tourism Boards mit Travel Influencern \u2014 Der komplette Guide f\u00fcr Destinationsmarketing (2026)<\/a><\/h2>\n\t\t\t\n\t\t\t\n\t\t\t        <div class=\"entry-content\">\n\n        \n            <p>Wie arbeiten Tourism Boards erfolgreich mit Travel Influencern? Kompletter Guide f\u00fcr Destinationsmarketing: Die 5 h\u00e4ufigsten Fehler, ehrliche Kosten\u00fcbersicht, Creator-Auswahl, Content-Formate und Kampagnen-Ablauf. Von einem Creator mit 50+ Tourism-Board-Kooperationen.<\/p>\n\n                \n            \n        <\/div><!-- \/.entry-content -->\n        \n\t\t<\/div>\n\t\t<!-- \/.post-content-inner -->\n\t<\/div>\n\t<!-- \/.post-content -->\n\t\n<\/article>\n<!-- \/.post -->\n<article id=\"post-5480\" class=\"post tf_clearfix post-5480 type-post status-publish format-standard has-post-thumbnail hentry category-abenteuer category-kooperationen category-travel has-post-title has-post-date has-post-category has-post-tag has-post-comment has-post-author \">\n\t    \n\t                <figure class=\"post-image tf_clearfix\">\n                                                            <a href=\"https:\/\/max-haase.com\/en\/luxury-adventure-travel-guide-experiences\/\">\n                                        <img decoding=\"async\" src=\"https:\/\/max-haase.com\/wp-content\/uploads\/2026\/04\/luxury-adventure-travel-kenia-safari-drohne-700x367.jpg\" width=\"700\" height=\"367\" class=\"wp-post-image wp-image-5481\" title=\"luxury-adventure-travel-kenia-safari-drohne\" alt=\"luxury-adventure-travel-kenia-safari-drohne\" srcset=\"https:\/\/max-haase.com\/wp-content\/uploads\/2026\/04\/luxury-adventure-travel-kenia-safari-drohne-700x367.jpg 700w, https:\/\/max-haase.com\/wp-content\/uploads\/2026\/04\/luxury-adventure-travel-kenia-safari-drohne-300x158.jpg 300w, https:\/\/max-haase.com\/wp-content\/uploads\/2026\/04\/luxury-adventure-travel-kenia-safari-drohne-768x403.jpg 768w, https:\/\/max-haase.com\/wp-content\/uploads\/2026\/04\/luxury-adventure-travel-kenia-safari-drohne-18x9.jpg 18w, https:\/\/max-haase.com\/wp-content\/uploads\/2026\/04\/luxury-adventure-travel-kenia-safari-drohne-800x420.jpg 800w, https:\/\/max-haase.com\/wp-content\/uploads\/2026\/04\/luxury-adventure-travel-kenia-safari-drohne.jpg 1280w\" sizes=\"(max-width: 700px) 100vw, 700px\" \/>                                                                    <\/a>\n                                                                <\/figure>\n                    \t<div class=\"post-content\">\n\t\t<div class=\"post-content-inner\">\n\n\t\t\t\t\t\t\t\t<div class=\"post-date-wrap post-date-inline\">\n\t\t<time class=\"post-date entry-date updated\" datetime=\"2026-04-04\">\n\t\t\t\t\t<span class=\"year\">April 4, 2026<\/span>\n\t\t\t\t<\/time>\n\t<\/div><!-- .post-date-wrap -->\n\t\t\t\t\n\t\t\t<h2 class=\"post-title entry-title\"><a href=\"https:\/\/max-haase.com\/en\/luxury-adventure-travel-guide-experiences\/\">Luxury Adventure Travel \u2014 Die besten Erlebnisse f\u00fcr anspruchsvolle Reisende<\/a><\/h2>\n\t\t\t\n\t\t\t\n\t\t\t        <div class=\"entry-content\">\n\n        \n            <p>Luxury Adventure Travel: Die 10 besten Erlebnisse f\u00fcr anspruchsvolle Reisende \u2014 von der E5 Alpen\u00fcberquerung \u00fcber Kenias Safari-Lodges bis zu Saudi-Arabiens Overwater Villas. Pers\u00f6nlich getestet in 82+ L\u00e4ndern, mit Drohnenfotografie-Tipps und ehrlicher Kosten-\u00dcbersicht.<\/p>\n\n                \n            \n        <\/div><!-- \/.entry-content -->\n        \n\t\t<\/div>\n\t\t<!-- \/.post-content-inner -->\n\t<\/div>\n\t<!-- \/.post-content -->\n\t\n<\/article>\n<!-- \/.post -->\n<article id=\"post-2584\" class=\"post tf_clearfix post-2584 type-post status-publish format-standard has-post-thumbnail hentry category-kooperationen category-lifestyle category-travel has-post-title has-post-date has-post-category has-post-tag has-post-comment has-post-author \">\n\t    \n\t                <figure class=\"post-image tf_clearfix\">\n                                                            <a href=\"https:\/\/max-haase.com\/en\/what-is-a-travel-influencer-guide-brands-tourism-boards\/\">\n                                        <img decoding=\"async\" src=\"https:\/\/max-haase.com\/wp-content\/uploads\/2026\/04\/travel-influencer-feat-1024x538-700x367.jpg\" width=\"700\" height=\"367\" class=\"wp-post-image wp-image-3296\" title=\"travel-influencer-feat\" alt=\"travel-influencer-feat\" srcset=\"https:\/\/max-haase.com\/wp-content\/uploads\/2026\/04\/travel-influencer-feat-1024x538-700x367.jpg 700w, https:\/\/max-haase.com\/wp-content\/uploads\/2026\/04\/travel-influencer-feat-300x158.jpg 300w, https:\/\/max-haase.com\/wp-content\/uploads\/2026\/04\/travel-influencer-feat-1024x538.jpg 1024w, https:\/\/max-haase.com\/wp-content\/uploads\/2026\/04\/travel-influencer-feat-768x403.jpg 768w, https:\/\/max-haase.com\/wp-content\/uploads\/2026\/04\/travel-influencer-feat-18x9.jpg 18w, https:\/\/max-haase.com\/wp-content\/uploads\/2026\/04\/travel-influencer-feat-1024x538-800x420.jpg 800w, https:\/\/max-haase.com\/wp-content\/uploads\/2026\/04\/travel-influencer-feat.jpg 1280w\" sizes=\"(max-width: 700px) 100vw, 700px\" \/>                                                                    <\/a>\n                                                                <\/figure>\n                    \t<div class=\"post-content\">\n\t\t<div class=\"post-content-inner\">\n\n\t\t\t\t\t\t\t\t<div class=\"post-date-wrap post-date-inline\">\n\t\t<time class=\"post-date entry-date updated\" datetime=\"2026-03-15\">\n\t\t\t\t\t<span class=\"year\">March 15, 2026<\/span>\n\t\t\t\t<\/time>\n\t<\/div><!-- .post-date-wrap -->\n\t\t\t\t\n\t\t\t<h2 class=\"post-title entry-title\"><a href=\"https:\/\/max-haase.com\/en\/what-is-a-travel-influencer-guide-brands-tourism-boards\/\">Was ist ein Travel Influencer? \u2014 Der komplette Guide f\u00fcr Marken &#038; Tourism Boards (2026)<\/a><\/h2>\n\t\t\t\n\t\t\t\n\t\t\t        <div class=\"entry-content\">\n\n        \n            <p>Was macht ein Travel Influencer? Wie findet man den richtigen Creator f\u00fcr Tourism Board Kampagnen? Kompletter Guide mit Reichweiten-Analyse, Kosten pro Kooperation, ROI-Messung und den wichtigsten Plattformen. Von einem Travel Creator mit \u00fcber 4,2 Mio. Followern und 500+ Brand-Kooperationen.<\/p>\n\n                \n            \n        <\/div><!-- \/.entry-content -->\n        \n\t\t<\/div>\n\t\t<!-- \/.post-content-inner -->\n\t<\/div>\n\t<!-- \/.post-content -->\n\t\n<\/article>\n<!-- \/.post -->\n<article id=\"post-2734\" class=\"post tf_clearfix post-2734 type-post status-publish format-standard has-post-thumbnail hentry category-gadgets category-karibik category-nordamerika category-travel has-post-title has-post-date has-post-category has-post-tag has-post-comment has-post-author \">\n\t    \n\t                <figure class=\"post-image tf_clearfix\">\n                                                            <a href=\"https:\/\/max-haase.com\/en\/caribbean-cruise-travelogue-st-lucia-barbados-drone\/\">\n                                        <img decoding=\"async\" src=\"https:\/\/max-haase.com\/wp-content\/uploads\/2026\/04\/karibik-kreuzfahrt-featured-1024x538-700x367.jpg\" width=\"700\" height=\"367\" class=\"wp-post-image wp-image-2721\" title=\"karibik-kreuzfahrt-featured\" alt=\"karibik-kreuzfahrt-featured\" srcset=\"https:\/\/max-haase.com\/wp-content\/uploads\/2026\/04\/karibik-kreuzfahrt-featured-1024x538-700x367.jpg 700w, https:\/\/max-haase.com\/wp-content\/uploads\/2026\/04\/karibik-kreuzfahrt-featured-300x158.jpg 300w, https:\/\/max-haase.com\/wp-content\/uploads\/2026\/04\/karibik-kreuzfahrt-featured-1024x538.jpg 1024w, https:\/\/max-haase.com\/wp-content\/uploads\/2026\/04\/karibik-kreuzfahrt-featured-768x403.jpg 768w, https:\/\/max-haase.com\/wp-content\/uploads\/2026\/04\/karibik-kreuzfahrt-featured-18x9.jpg 18w, https:\/\/max-haase.com\/wp-content\/uploads\/2026\/04\/karibik-kreuzfahrt-featured-1024x538-800x420.jpg 800w, https:\/\/max-haase.com\/wp-content\/uploads\/2026\/04\/karibik-kreuzfahrt-featured.jpg 1200w\" sizes=\"(max-width: 700px) 100vw, 700px\" \/>                                                                    <\/a>\n                                                                <\/figure>\n                    \t<div class=\"post-content\">\n\t\t<div class=\"post-content-inner\">\n\n\t\t\t\t\t\t\t\t<div class=\"post-date-wrap post-date-inline\">\n\t\t<time class=\"post-date entry-date updated\" datetime=\"2026-03-05\">\n\t\t\t\t\t<span class=\"year\">March 5, 2026<\/span>\n\t\t\t\t<\/time>\n\t<\/div><!-- .post-date-wrap -->\n\t\t\t\t\n\t\t\t<h2 class=\"post-title entry-title\"><a href=\"https:\/\/max-haase.com\/en\/caribbean-cruise-travelogue-st-lucia-barbados-drone\/\">Karibik Kreuzfahrt Reisebericht \u2013 St. Lucia, Barbados &#038; Drohnenaufnahmen von Bord<\/a><\/h2>\n\t\t\t\n\t\t\t\n\t\t\t        <div class=\"entry-content\">\n\n        \n            <p>Karibik Kreuzfahrt \u2014 Warum die \u00f6stlichen Karibikinseln mich sprachlos gemacht haben Es gibt Reisen, die vergisst du nach zwei Wochen. Und dann gibt es Reisen, die brennen sich so tief in dein Ged\u00e4chtnis, dass du Jahre sp\u00e4ter noch davon erz\u00e4hlst. Meine Kreuzfahrt durch die \u00f6stliche Karibik war definitiv Letzteres. St. Lucia, Barbados, Martinique \u2014 jede [&hellip;]<\/p>\n\n                \n            \n        <\/div><!-- \/.entry-content -->\n        \n\t\t<\/div>\n\t\t<!-- \/.post-content-inner -->\n\t<\/div>\n\t<!-- \/.post-content -->\n\t\n<\/article>\n<!-- \/.post -->\n<article id=\"post-2586\" class=\"post tf_clearfix post-2586 type-post status-publish format-standard has-post-thumbnail hentry category-kooperationen category-lifestyle category-travel has-post-title has-post-date has-post-category has-post-tag has-post-comment has-post-author \">\n\t    \n\t                <figure class=\"post-image tf_clearfix\">\n                                                            <a href=\"https:\/\/max-haase.com\/en\/influencer-marketing-tourism-tourism-boards-creator\/\">\n                                        <img decoding=\"async\" src=\"https:\/\/max-haase.com\/wp-content\/uploads\/2026\/04\/gfx2-alb-rep-f6-700x525.jpg\" width=\"700\" height=\"525\" class=\"wp-post-image wp-image-5339\" title=\"gfx2-alb-rep-f6\" alt=\"gfx2-alb-rep-f6\" srcset=\"https:\/\/max-haase.com\/wp-content\/uploads\/2026\/04\/gfx2-alb-rep-f6-700x525.jpg 700w, https:\/\/max-haase.com\/wp-content\/uploads\/2026\/04\/gfx2-alb-rep-f6-300x225.jpg 300w, https:\/\/max-haase.com\/wp-content\/uploads\/2026\/04\/gfx2-alb-rep-f6-768x576.jpg 768w, https:\/\/max-haase.com\/wp-content\/uploads\/2026\/04\/gfx2-alb-rep-f6-16x12.jpg 16w, https:\/\/max-haase.com\/wp-content\/uploads\/2026\/04\/gfx2-alb-rep-f6-800x600.jpg 800w, https:\/\/max-haase.com\/wp-content\/uploads\/2026\/04\/gfx2-alb-rep-f6.jpg 960w\" sizes=\"(max-width: 700px) 100vw, 700px\" \/>                                                                    <\/a>\n                                                                <\/figure>\n                    \t<div class=\"post-content\">\n\t\t<div class=\"post-content-inner\">\n\n\t\t\t\t\t\t\t\t<div class=\"post-date-wrap post-date-inline\">\n\t\t<time class=\"post-date entry-date updated\" datetime=\"2026-03-01\">\n\t\t\t\t\t<span class=\"year\">March 1, 2026<\/span>\n\t\t\t\t<\/time>\n\t<\/div><!-- .post-date-wrap -->\n\t\t\t\t\n\t\t\t<h2 class=\"post-title entry-title\"><a href=\"https:\/\/max-haase.com\/en\/influencer-marketing-tourism-tourism-boards-creator\/\">Influencer Marketing im Tourismus \u2014 Warum Tourism Boards auf European Travel Creator setzen<\/a><\/h2>\n\t\t\t\n\t\t\t\n\t\t\t        <div class=\"entry-content\">\n\n        \n            <p>Tourism Boards investieren Millionen in Influencer Marketing \u2014 aber welche Creator liefern echten ROI? Analyse der Zusammenarbeit zwischen internationalen Tourism Boards und europ\u00e4ischen Travel Influencern. Mit Case Studies, Kostenrahmen und Auswahlkriterien f\u00fcr die richtige Creator-Strategie.<\/p>\n\n                \n            \n        <\/div><!-- \/.entry-content -->\n        \n\t\t<\/div>\n\t\t<!-- \/.post-content-inner -->\n\t<\/div>\n\t<!-- \/.post-content -->\n\t\n<\/article>\n<!-- \/.post -->\n    <\/div><!-- .builder-posts-wrap -->\n                                <link rel=\"prefetch\" as=\"document\" href=\"https:\/\/max-haase.com\/en\/wp-json\/wp\/v2\/pages\/1115\/page\/2\/\"\/><div class=\"pagenav tf_clear tf_box tf_textr tf_clearfix \"> <span class=\"number current\">1<\/span> <a href=\"https:\/\/max-haase.com\/en\/wp-json\/wp\/v2\/pages\/1115\/page\/2\/\" class=\"number\">2<\/a> <a href=\"https:\/\/max-haase.com\/en\/wp-json\/wp\/v2\/pages\/1115\/page\/3\/\" class=\"number\">3<\/a> <a href=\"https:\/\/max-haase.com\/en\/wp-json\/wp\/v2\/pages\/1115\/page\/4\/\" class=\"number\">4<\/a><a href=\"https:\/\/max-haase.com\/en\/wp-json\/wp\/v2\/pages\/1115\/page\/2\/\"  class=\"number nextp\">&rsaquo;<\/a><a href=\"https:\/\/max-haase.com\/en\/wp-json\/wp\/v2\/pages\/1115\/page\/21\/\" title=\"&raquo;\" class=\"number lastp\">&raquo;<\/a><\/div>                <\/div>\n<!-- \/module post -->\n            <\/div>\n                        <\/div>\n        <\/div>\n        <\/div>\n<!--\/themify_builder_content-->","protected":false},"excerpt":{"rendered":"<p>My Asia Articles:<\/p>","protected":false},"author":1,"featured_media":0,"parent":0,"menu_order":0,"comment_status":"closed","ping_status":"closed","template":"","meta":{"_analytify_skip_tracking":false,"footnotes":""},"class_list":["post-1115","page","type-page","status-publish","hentry","has-post-title","has-post-date","has-post-category","has-post-tag","has-post-comment","has-post-author",""],"builder_content":"<h2 style=\"text-align: center;\">Meine Asien Beitr\u00e4ge:<\/h2>","_links":{"self":[{"href":"https:\/\/max-haase.com\/en\/wp-json\/wp\/v2\/pages\/1115","targetHints":{"allow":["GET"]}}],"collection":[{"href":"https:\/\/max-haase.com\/en\/wp-json\/wp\/v2\/pages"}],"about":[{"href":"https:\/\/max-haase.com\/en\/wp-json\/wp\/v2\/types\/page"}],"author":[{"embeddable":true,"href":"https:\/\/max-haase.com\/en\/wp-json\/wp\/v2\/users\/1"}],"replies":[{"embeddable":true,"href":"https:\/\/max-haase.com\/en\/wp-json\/wp\/v2\/comments?post=1115"}],"version-history":[{"count":4,"href":"https:\/\/max-haase.com\/en\/wp-json\/wp\/v2\/pages\/1115\/revisions"}],"predecessor-version":[{"id":1119,"href":"https:\/\/max-haase.com\/en\/wp-json\/wp\/v2\/pages\/1115\/revisions\/1119"}],"wp:attachment":[{"href":"https:\/\/max-haase.com\/en\/wp-json\/wp\/v2\/media?parent=1115"}],"curies":[{"name":"wp","href":"https:\/\/api.w.org\/{rel}","templated":true}]}}